{"id":620,"date":"2018-11-23T08:24:33","date_gmt":"2018-11-23T08:24:33","guid":{"rendered":"http:\/\/localhost\/industro\/?page_id=620"},"modified":"2021-10-04T14:11:21","modified_gmt":"2021-10-04T11:11:21","slug":"home-2","status":"publish","type":"page","link":"https:\/\/kamakrekor.com\/rekor\/","title":{"rendered":"Anasayfa"},"content":{"rendered":"<p>[vc_row full_width=&#8221;stretch_row_content_no_spaces&#8221; fullwidth=&#8221;true&#8221;][vc_column][rev_slider_vc alias=&#8221;home-2&#8243;][\/vc_column][\/vc_row][vc_row content_placement=&#8221;top&#8221; disable_element=&#8221;yes&#8221; css=&#8221;.vc_custom_1631283439511{padding-top: 70px !important;padding-bottom: 70px !important;}&#8221;][vc_column width=&#8221;1\/3&#8243; offset=&#8221;vc_col-md-1\/5 vc_col-xs-4&#8243;][vc_single_image image=&#8221;623&#8243; img_size=&#8221;full&#8221; alignment=&#8221;center&#8221; css=&#8221;.vc_custom_1542961688474{margin-bottom: 0px !important;padding-right: 22px !important;padding-left: 22px !important;}&#8221;][vc_empty_space height=&#8221;30px&#8221; el_class=&#8221;lg-hidden&#8221;][\/vc_column][vc_column width=&#8221;1\/3&#8243; offset=&#8221;vc_col-md-1\/5 vc_col-xs-4&#8243;][vc_single_image image=&#8221;624&#8243; img_size=&#8221;full&#8221; alignment=&#8221;center&#8221; css=&#8221;.vc_custom_1542963964458{margin-bottom: 0px !important;padding-right: 22px !important;padding-left: 22px !important;}&#8221;][vc_empty_space height=&#8221;30px&#8221; el_class=&#8221;lg-hidden&#8221;][\/vc_column][vc_column width=&#8221;1\/3&#8243; offset=&#8221;vc_col-md-1\/5 vc_col-xs-4&#8243;][vc_single_image image=&#8221;625&#8243; img_size=&#8221;full&#8221; alignment=&#8221;center&#8221; css=&#8221;.vc_custom_1542964237502{margin-bottom: 2px !important;padding-right: 22px !important;padding-left: 22px !important;}&#8221;][vc_empty_space height=&#8221;30px&#8221; el_class=&#8221;lg-hidden&#8221;][\/vc_column][vc_column width=&#8221;1\/3&#8243; offset=&#8221;vc_col-md-offset-0 vc_col-md-1\/5 vc_col-sm-offset-2 vc_col-xs-offset-2 vc_col-xs-4&#8243;][vc_single_image image=&#8221;626&#8243; img_size=&#8221;full&#8221; alignment=&#8221;center&#8221; css=&#8221;.vc_custom_1542963904748{margin-top: 10px !important;margin-bottom: 0px !important;padding-right: 22px !important;padding-left: 22px !important;}&#8221;][\/vc_column][vc_column width=&#8221;1\/3&#8243; offset=&#8221;vc_col-md-1\/5 vc_col-sm-offset-0 vc_col-xs-4&#8243;][vc_single_image image=&#8221;627&#8243; img_size=&#8221;full&#8221; alignment=&#8221;center&#8221; css=&#8221;.vc_custom_1542961723434{margin-bottom: 0px !important;padding-right: 22px !important;padding-left: 22px !important;}&#8221;][\/vc_column][\/vc_row][vc_row css=&#8221;.vc_custom_1542963436303{padding-bottom: 100px !important;background-image: url(http:\/\/localhost\/industro\/wp-content\/uploads\/2018\/11\/bg-map.png?id=629) !important;}&#8221;][vc_column][vc_empty_space height=&#8221;100px&#8221; css=&#8221;.vc_custom_1542963136329{border-top-width: 1px !important;border-top-color: #dadbdf !important;border-top-style: solid !important;}&#8221;][\/vc_column][vc_column offset=&#8221;vc_col-lg-5 vc_col-md-6&#8243;][vc_column_text css=&#8221;.vc_custom_1609246393958{margin-bottom: 27px !important;}&#8221;]<\/p>\n<p class=\"subtitle\">HAKKIMIZDA<\/p>\n<h2>KAMAK REKOR MAK\u0130NA SANAY\u0130 A.\u015e.<\/h2>\n<p>[\/vc_column_text][vc_column_text css=&#8221;.vc_custom_1609246413453{margin-bottom: 60px !important;}&#8221;]Kurulu\u015f tarihi olan 2005 y\u0131l\u0131ndan bu yana 1000\u2019in \u00fczerindeki \u00fcr\u00fcn \u00e7e\u015fitlili\u011fi ile hidrolik ba\u011flant\u0131 elemanlar\u0131 imalat\u0131 sekt\u00f6r\u00fcnde T\u00fcrkiye pazar\u0131nda \u00f6nemli bir \u00fcretici haline gelmi\u015ftir.[\/vc_column_text]\n    <div class=\"icon-box  style-2\">\n                <img src=\"https:\/\/kamakrekor.com\/rekor\/wp-content\/uploads\/2018\/11\/team.png\" alt=\"icon\">        <div class=\"content-box\">\n            <h5>Tecr\u00fcbeli Ekip<\/h5>\n            <p>\u0130\u015fi bilen ekiple \u00e7al\u0131\u015fmak i\u015flerinizi \u00e7ok daha k\u0131sa s\u00fcrede ve sorunsuz teslim alaca\u011f\u0131n\u0131z anlam\u0131na gelir.<\/p>\n                    <\/div>\n    <\/div>\n\n    [vc_empty_space height=&#8221;25px&#8221;]\n    <div class=\"icon-box  style-2\">\n                <img src=\"https:\/\/kamakrekor.com\/rekor\/wp-content\/uploads\/2018\/11\/handshake.png\" alt=\"icon\">        <div class=\"content-box\">\n            <h5>Mutlu M\u00fc\u015fteri<\/h5>\n            <p>Beraber \u00e7al\u0131\u015ft\u0131\u011f\u0131m\u0131z t\u00fcm payda\u015flar\u0131m\u0131zla sayg\u0131 ve g\u00fcven odakl\u0131 bir ilerleme olmaktad\u0131r.<\/p>\n                    <\/div>\n    <\/div>\n\n    [vc_empty_space height=&#8221;25px&#8221;]\n    <div class=\"icon-box  style-2\">\n                <img src=\"https:\/\/kamakrekor.com\/rekor\/wp-content\/uploads\/2018\/11\/team-global.png\" alt=\"icon\">        <div class=\"content-box\">\n            <h5>Global \u00dcretim<\/h5>\n            <p>\u00dcretim ekipmanlar\u0131m\u0131z ve \u00fcretti\u011fimiz \u00fcr\u00fcnlerimiz d\u00fcnyan\u0131n her noktas\u0131ndaki standartlara uygundur.<\/p>\n                    <\/div>\n    <\/div>\n\n    [vc_empty_space height=&#8221;25px&#8221;]\n    <div class=\"icon-box  style-2\">\n                <img src=\"https:\/\/kamakrekor.com\/rekor\/wp-content\/uploads\/2018\/11\/idea.png\" alt=\"icon\">        <div class=\"content-box\">\n            <h5>Yenilik\u00e7i Yakla\u015f\u0131m<\/h5>\n            <p>\u00dcretimde kulland\u0131\u011f\u0131m\u0131z t\u00fcm ekipmanlar\u0131m\u0131z\u0131 g\u00fcncel teknolojiye uygun olarak revize etmekteyiz.<\/p>\n                    <\/div>\n    <\/div>\n\n    [vc_empty_space height=&#8221;30px&#8221; el_class=&#8221;lg-hidden&#8221;][\/vc_column][vc_column offset=&#8221;vc_col-lg-offset-1 vc_col-lg-6 vc_col-md-offset-0 vc_col-md-6&#8243;][vc_single_image image=&#8221;1325&#8243; img_size=&#8221;full&#8221; alignment=&#8221;center&#8221; style=&#8221;vc_box_rounded&#8221; css=&#8221;.vc_custom_1631273824712{margin-bottom: 0px !important;}&#8221;][\/vc_column][\/vc_row][vc_row css=&#8221;.vc_custom_1542964709535{padding-bottom: 100px !important;}&#8221;][vc_column][vc_column_text css=&#8221;.vc_custom_1609247224873{margin-bottom: 70px !important;}&#8221;]<\/p>\n<p class=\"subtitle\">\u00dcRET\u0130M S\u00dcREC\u0130M\u0130Z<\/p>\n<h2>\u00dcretim S\u00fcrecimizi Yak\u0131ndan Takip Edin<\/h2>\n<p>[\/vc_column_text][\/vc_column][vc_column width=&#8221;1\/2&#8243; offset=&#8221;vc_col-md-3&#8243;]\n    <div class=\"service-box \">\n        <img src=\"https:\/\/kamakrekor.com\/rekor\/wp-content\/uploads\/2021\/09\/ana-kaynak.jpg\" alt=\"service\">        <div class=\"content-box\">\n            <h5>Kaynak<\/h5>\n            <p><\/p>\n            <a class=\"link-box\" href=\"\/kaynak\/\" target=\"_self\">detayl\u0131 bilgi<\/a>        <\/div>\n    <\/div>\n\n    [vc_empty_space height=&#8221;40px&#8221; el_class=&#8221;lg-hidden&#8221;][\/vc_column][vc_column width=&#8221;1\/2&#8243; offset=&#8221;vc_col-md-3&#8243;]\n    <div class=\"service-box \">\n        <img src=\"https:\/\/kamakrekor.com\/rekor\/wp-content\/uploads\/2021\/09\/ana-isleme.jpg\" alt=\"service\">        <div class=\"content-box\">\n            <h5>\u0130\u015fleme<\/h5>\n            <p><\/p>\n            <a class=\"link-box\" href=\"\/isleme\/\" target=\"_self\">detayl\u0131 bilgi<\/a>        <\/div>\n    <\/div>\n\n    [vc_empty_space height=&#8221;40px&#8221; el_class=&#8221;lg-hidden&#8221;][\/vc_column][vc_column width=&#8221;1\/2&#8243; offset=&#8221;vc_col-md-3&#8243;]\n    <div class=\"service-box \">\n        <img src=\"https:\/\/kamakrekor.com\/rekor\/wp-content\/uploads\/2020\/12\/bukum.jpg\" alt=\"service\">        <div class=\"content-box\">\n            <h5>B\u00fck\u00fcm<\/h5>\n            <p><\/p>\n            <a class=\"link-box\" href=\"\/bukum\/\" target=\"_self\">detayl\u0131 bilgi<\/a>        <\/div>\n    <\/div>\n\n    [vc_empty_space height=&#8221;40px&#8221; el_class=&#8221;lg-hidden md-hidden&#8221;][\/vc_column][vc_column width=&#8221;1\/2&#8243; offset=&#8221;vc_col-md-3&#8243;][\/vc_column][\/vc_row][vc_row disable_element=&#8221;yes&#8221; css=&#8221;.vc_custom_1609247299597{padding-top: 100px !important;padding-bottom: 80px !important;background-color: #f7f7f7 !important;}&#8221;][vc_column][vc_column_text css=&#8221;.vc_custom_1542012752515{margin-bottom: 90px !important;}&#8221;]<\/p>\n<p class=\"subtitle\">HOW IT WORK<\/p>\n<h2>Our Work Process<\/h2>\n<p>[\/vc_column_text]\n    <div class=\"process \">\n                <div class=\"steps active\">\n            <i class=\"p-icon flaticon-result\"><\/i>\n            <div class=\"step-content\">\n                <h5>Reasearch & Analysis<\/h5>\n                <p>We running events with professionalism and expertise, and in identifying strongly with their outcome. This sense of responsibility means we always strive to add value.<\/p>\n            <\/div>\n        <\/div>\n                <div class=\"steps \">\n            <i class=\"p-icon flaticon-jigsaw\"><\/i>\n            <div class=\"step-content\">\n                <h5>Creative Solutions <\/h5>\n                <p>Our approach is distinctly innovative. We constantly seek new ways to increase client visibility and brand value. We also look to get the most out of advances in digitalisation.<\/p>\n            <\/div>\n        <\/div>\n                <div class=\"steps \">\n            <i class=\"p-icon flaticon-gears-1\"><\/i>\n            <div class=\"step-content\">\n                <h5>Building<\/h5>\n                <p>We specially select teams for every project, to ensure each event gets the attention of the people who have the most relevant technical skills, languages and knowledge.<\/p>\n            <\/div>\n        <\/div>\n                <div class=\"steps \">\n            <i class=\"p-icon flaticon-rocket-ship\"><\/i>\n            <div class=\"step-content\">\n                <h5>Project Launch<\/h5>\n                <p>We running events with professionalism and expertise, and in identifying strongly with their outcome. This sense of responsibility means we always strive to add value.<\/p>\n            <\/div>\n        <\/div>\n            <\/div>\n\n    [\/vc_column][\/vc_row][vc_row equal_height=&#8221;yes&#8221; content_placement=&#8221;middle&#8221; css=&#8221;.vc_custom_1544068085130{padding-top: 100px !important;padding-bottom: 100px !important;background-image: url(http:\/\/wpdemo2.oceanthemes.net\/industro\/wp-content\/uploads\/sites\/3\/2018\/11\/bg-home-dark.png?id=544) !important;background-position: center !important;background-repeat: no-repeat !important;background-size: cover !important;}&#8221;][vc_column width=&#8221;5\/6&#8243; offset=&#8221;vc_col-md-6&#8243;][vc_custom_heading text=&#8221;Detayl\u0131 bilgi almak i\u00e7in bize ula\u015fabilirsiniz&#8230;&#8221; font_container=&#8221;tag:h2|text_align:left|color:%23ffffff&#8221; use_theme_fonts=&#8221;yes&#8221; css=&#8221;.vc_custom_1609247486453{margin-bottom: 0px !important;}&#8221;][\/vc_column][vc_column width=&#8221;1\/6&#8243; offset=&#8221;vc_col-md-6&#8243;][vc_empty_space height=&#8221;60px&#8221; el_class=&#8221;lg-hidden&#8221;][vc_btn title=&#8221;Bize Ula\u015f\u0131n&#8221; align=&#8221;center&#8221; link=&#8221;url:%2Filetisim%2F&#8221;][\/vc_column][\/vc_row][vc_row el_class=&#8221;ana-foto&#8221; css=&#8221;.vc_custom_1631306605792{padding-top: 100px !important;padding-bottom: 50px !important;}&#8221;][vc_column width=&#8221;2\/3&#8243;][vc_single_image image=&#8221;1327&#8243; img_size=&#8221;full&#8221;][\/vc_column][vc_column width=&#8221;1\/3&#8243;][vc_single_image image=&#8221;1104&#8243; img_size=&#8221;full&#8221;][vc_single_image image=&#8221;1101&#8243; img_size=&#8221;full&#8221;][\/vc_column][\/vc_row][vc_row disable_element=&#8221;yes&#8221; css=&#8221;.vc_custom_1631306409249{padding-top: 100px !important;}&#8221;][vc_column][vc_column_text css=&#8221;.vc_custom_1542965466992{margin-bottom: 50px !important;}&#8221;]<\/p>\n<p class=\"subtitle\">OUR WORKS<\/p>\n<h2>Latest Projects<\/h2>\n<p>[\/vc_column_text]\n    <div class=\"project-filter \" data-column=\"3\">\n                <div id=\"projects\" class=\"project-grid projects row style-2\">\n                    <\/div>\n    <\/div>\n\n    [\/vc_column][\/vc_row][vc_row disable_element=&#8221;yes&#8221; css=&#8221;.vc_custom_1609247334394{padding-top: 100px !important;padding-bottom: 100px !important;background-color: #f7f7f7 !important;}&#8221;][vc_column][vc_column_text css=&#8221;.vc_custom_1542860753060{margin-bottom: 60px !important;}&#8221;]<\/p>\n<p class=\"subtitle\">TESTIMONIALS<\/p>\n<h2>What Our Clients Say<\/h2>\n<p>[\/vc_column_text]\n    <div class=\"testi-slider  \" data-show=\"2\" data-arrow=\"true\">\n                                <div>\n                <div class=\"testi-item\">\n                    <img class=\"img-left\" src=\"\" alt=\"member\">\n                    <div class=\"testi-content\">\n                        <h5>Jaquan Rolfson<\/h5>\n                        <p class=\"jobs\">CEO Beko<\/p>\n                        <p>Vivamus venenatis consequat quam, vehicula imperdiet nisl vehicula vel. Vivamus ultrices tristique turpis id pellentesque. Suspendisse eget ornare tellus. Nullam faucibus nunc ut leo pharetra.<\/p>\n                    <\/div>\n                <\/div>\n            <\/div>\n                                <div>\n                <div class=\"testi-item\">\n                    <img class=\"img-left\" src=\"\" alt=\"member\">\n                    <div class=\"testi-content\">\n                        <h5>Freeman Thomas<\/h5>\n                        <p class=\"jobs\">Founder Chandon<\/p>\n                        <p>Vivamus venenatis consequat quam, vehicula imperdiet nisl vehicula vel. Vivamus ultrices tristique turpis id pellentesque. Suspendisse eget ornare tellus. Nullam faucibus nunc ut leo pharetra.<\/p>\n                    <\/div>\n                <\/div>\n            <\/div>\n                                <div>\n                <div class=\"testi-item\">\n                    <img class=\"img-left\" src=\"\" alt=\"member\">\n                    <div class=\"testi-content\">\n                        <h5>Jaquan Rolfson<\/h5>\n                        <p class=\"jobs\">CEO Beko<\/p>\n                        <p>Vivamus venenatis consequat quam, vehicula imperdiet nisl vehicula vel. Vivamus ultrices tristique turpis id pellentesque. Suspendisse eget ornare tellus. Nullam faucibus nunc ut leo pharetra.<\/p>\n                    <\/div>\n                <\/div>\n            <\/div>\n                                <div>\n                <div class=\"testi-item\">\n                    <img class=\"img-left\" src=\"\" alt=\"member\">\n                    <div class=\"testi-content\">\n                        <h5>Freeman Thomas<\/h5>\n                        <p class=\"jobs\">Founder Chandon<\/p>\n                        <p>Vivamus venenatis consequat quam, vehicula imperdiet nisl vehicula vel. Vivamus ultrices tristique turpis id pellentesque. Suspendisse eget ornare tellus. Nullam faucibus nunc ut leo pharetra.<\/p>\n                    <\/div>\n                <\/div>\n            <\/div>\n            <\/div>\n\n    [\/vc_column][\/vc_row][vc_row disable_element=&#8221;yes&#8221; css=&#8221;.vc_custom_1609247340142{padding-top: 100px !important;padding-bottom: 100px !important;}&#8221;][vc_column][vc_column_text]<\/p>\n<p class=\"subtitle\">OUR BLOG<\/p>\n<h2>Latest News<\/h2>\n<p>[\/vc_column_text]    <div class=\"news-slider posts-grid row \" data-show=\"3\" data-auto=\"\" data-arrow=\"\" data-dot=\"\">\n            <\/div>\n\n    [\/vc_column][\/vc_row][vc_row el_class=&#8221;bg-primary call-to-action&#8221; css=&#8221;.vc_custom_1542184444490{padding-top: 52px !important;padding-bottom: 52px !important;}&#8221;][vc_column offset=&#8221;vc_col-md-8&#8243;][vc_custom_heading text=&#8221;Profesyonel \u00c7\u00f6z\u00fcmler \u0130\u00e7in Bize Ula\u015f\u0131n&#8221; font_container=&#8221;tag:h3|text_align:left|color:%23ffffff&#8221; use_theme_fonts=&#8221;yes&#8221; css=&#8221;.vc_custom_1607610281449{margin-top: 10px !important;margin-bottom: 0px !important;}&#8221;][\/vc_column][vc_column offset=&#8221;vc_col-md-4&#8243;]\n    <div class=\"text-right\">\n        <a class=\"btn btn-medium btn-light  \" href=\"\/iletisim\" style=\"\">\u0130leti\u015fim<\/a>\n    <\/div>\n\n    [\/vc_column][\/vc_row]<\/p>\n","protected":false},"excerpt":{"rendered":"<p>[vc_row full_width=&#8221;stretch_row_content_no_spaces&#8221; fullwidth=&#8221;true&#8221;][vc_column][rev_slider_vc alias=&#8221;home-2&#8243;][\/vc_column][\/vc_row][vc_row content_placement=&#8221;top&#8221; disable_element=&#8221;yes&#8221; css=&#8221;.vc_custom_1631283439511{padding-top: 70px !important;padding-bottom: 70px !important;}&#8221;][vc_column width=&#8221;1\/3&#8243; offset=&#8221;vc_col-md-1\/5 vc_col-xs-4&#8243;][vc_single_image image=&#8221;623&#8243; img_size=&#8221;full&#8221; alignment=&#8221;center&#8221; css=&#8221;.vc_custom_1542961688474{margin-bottom: 0px !important;padding-right: 22px !important;padding-left: 22px !important;}&#8221;][vc_empty_space height=&#8221;30px&#8221; el_class=&#8221;lg-hidden&#8221;][\/vc_column][vc_column width=&#8221;1\/3&#8243; offset=&#8221;vc_col-md-1\/5 vc_col-xs-4&#8243;][vc_single_image image=&#8221;624&#8243; img_size=&#8221;full&#8221; alignment=&#8221;center&#8221; css=&#8221;.vc_custom_1542963964458{margin-bottom: 0px !important;padding-right: 22px !important;padding-left: 22px !important;}&#8221;][vc_empty_space height=&#8221;30px&#8221; el_class=&#8221;lg-hidden&#8221;][\/vc_column][vc_column width=&#8221;1\/3&#8243; offset=&#8221;vc_col-md-1\/5 vc_col-xs-4&#8243;][vc_single_image image=&#8221;625&#8243; img_size=&#8221;full&#8221; alignment=&#8221;center&#8221; css=&#8221;.vc_custom_1542964237502{margin-bottom: 2px !important;padding-right: 22px !important;padding-left: 22px !important;}&#8221;][vc_empty_space height=&#8221;30px&#8221; [&hellip;]<\/p>\n","protected":false},"author":1,"featured_media":0,"parent":0,"menu_order":0,"comment_status":"closed","ping_status":"closed","template":"","meta":[],"yoast_head":"<!-- This site is optimized with the Yoast SEO plugin v17.2.1 - https:\/\/yoast.com\/wordpress\/plugins\/seo\/ -->\n<title>Rayl\u0131 Sistem Ara\u00e7lar\u0131 ve Alt Par\u00e7alar\u0131 Kaynakl\u0131 \u0130malat\u0131 | Kamak Rekor<\/title>\n<meta name=\"description\" content=\"Kamak Rekor San. A.\u015e. 2005 y\u0131l\u0131ndan bu yana 1000\u2019in \u00fczerindeki \u00fcr\u00fcn \u00e7e\u015fitlili\u011fi ile hidrolik ba\u011flant\u0131 elemanlar\u0131 imalat\u0131 sekt\u00f6r\u00fcnde T\u00fcrkiye pazar\u0131nda \u00f6nemli bir \u00fcretici haline gelmi\u015ftir.\" \/>\n<meta name=\"robots\" content=\"index, follow, max-snippet:-1, max-image-preview:large, max-video-preview:-1\" \/>\n<link rel=\"canonical\" href=\"https:\/\/kamakrekor.com\/rekor\/\" \/>\n<meta property=\"og:locale\" content=\"tr_TR\" \/>\n<meta property=\"og:type\" content=\"article\" \/>\n<meta property=\"og:title\" content=\"Rayl\u0131 Sistem Ara\u00e7lar\u0131 ve Alt Par\u00e7alar\u0131 Kaynakl\u0131 \u0130malat\u0131 | Kamak Rekor\" \/>\n<meta property=\"og:description\" content=\"Kamak Rekor San. A.\u015e. 2005 y\u0131l\u0131ndan bu yana 1000\u2019in \u00fczerindeki \u00fcr\u00fcn \u00e7e\u015fitlili\u011fi ile hidrolik ba\u011flant\u0131 elemanlar\u0131 imalat\u0131 sekt\u00f6r\u00fcnde T\u00fcrkiye pazar\u0131nda \u00f6nemli bir \u00fcretici haline gelmi\u015ftir.\" \/>\n<meta property=\"og:url\" content=\"https:\/\/kamakrekor.com\/rekor\/\" \/>\n<meta property=\"og:site_name\" content=\"Kamak Rekor\" \/>\n<meta property=\"article:modified_time\" content=\"2021-10-04T11:11:21+00:00\" \/>\n<meta name=\"twitter:card\" content=\"summary_large_image\" \/>\n<meta name=\"twitter:label1\" content=\"Tahmini okuma s\u00fcresi\" \/>\n\t<meta name=\"twitter:data1\" content=\"7 dakika\" \/>\n<script type=\"application\/ld+json\" class=\"yoast-schema-graph\">{\"@context\":\"https:\/\/schema.org\",\"@graph\":[{\"@type\":\"WebSite\",\"@id\":\"https:\/\/kamakrekor.com\/rekor\/#website\",\"url\":\"https:\/\/kamakrekor.com\/rekor\/\",\"name\":\"Kamak Rekor\",\"description\":\"\",\"potentialAction\":[{\"@type\":\"SearchAction\",\"target\":{\"@type\":\"EntryPoint\",\"urlTemplate\":\"https:\/\/kamakrekor.com\/rekor\/?s={search_term_string}\"},\"query-input\":\"required name=search_term_string\"}],\"inLanguage\":\"tr\"},{\"@type\":\"WebPage\",\"@id\":\"https:\/\/kamakrekor.com\/rekor\/#webpage\",\"url\":\"https:\/\/kamakrekor.com\/rekor\/\",\"name\":\"Rayl\\u0131 Sistem Ara\\u00e7lar\\u0131 ve Alt Par\\u00e7alar\\u0131 Kaynakl\\u0131 \\u0130malat\\u0131 | Kamak Rekor\",\"isPartOf\":{\"@id\":\"https:\/\/kamakrekor.com\/rekor\/#website\"},\"datePublished\":\"2018-11-23T08:24:33+00:00\",\"dateModified\":\"2021-10-04T11:11:21+00:00\",\"description\":\"Kamak Rekor San. A.\\u015e. 2005 y\\u0131l\\u0131ndan bu yana 1000\\u2019in \\u00fczerindeki \\u00fcr\\u00fcn \\u00e7e\\u015fitlili\\u011fi ile hidrolik ba\\u011flant\\u0131 elemanlar\\u0131 imalat\\u0131 sekt\\u00f6r\\u00fcnde T\\u00fcrkiye pazar\\u0131nda \\u00f6nemli bir \\u00fcretici haline gelmi\\u015ftir.\",\"breadcrumb\":{\"@id\":\"https:\/\/kamakrekor.com\/rekor\/#breadcrumb\"},\"inLanguage\":\"tr\",\"potentialAction\":[{\"@type\":\"ReadAction\",\"target\":[\"https:\/\/kamakrekor.com\/rekor\/\"]}]},{\"@type\":\"BreadcrumbList\",\"@id\":\"https:\/\/kamakrekor.com\/rekor\/#breadcrumb\",\"itemListElement\":[{\"@type\":\"ListItem\",\"position\":1,\"name\":\"Anasayfa\",\"item\":\"https:\/\/kamakrekor.com\/rekor\/\"},{\"@type\":\"ListItem\",\"position\":2,\"name\":\"Anasayfa\"}]}]}<\/script>\n<!-- \/ Yoast SEO plugin. -->","yoast_head_json":{"title":"Rayl\u0131 Sistem Ara\u00e7lar\u0131 ve Alt Par\u00e7alar\u0131 Kaynakl\u0131 \u0130malat\u0131 | Kamak Rekor","description":"Kamak Rekor San. A.\u015e. 2005 y\u0131l\u0131ndan bu yana 1000\u2019in \u00fczerindeki \u00fcr\u00fcn \u00e7e\u015fitlili\u011fi ile hidrolik ba\u011flant\u0131 elemanlar\u0131 imalat\u0131 sekt\u00f6r\u00fcnde T\u00fcrkiye pazar\u0131nda \u00f6nemli bir \u00fcretici haline gelmi\u015ftir.","robots":{"index":"index","follow":"follow","max-snippet":"max-snippet:-1","max-image-preview":"max-image-preview:large","max-video-preview":"max-video-preview:-1"},"canonical":"https:\/\/kamakrekor.com\/rekor\/","og_locale":"tr_TR","og_type":"article","og_title":"Rayl\u0131 Sistem Ara\u00e7lar\u0131 ve Alt Par\u00e7alar\u0131 Kaynakl\u0131 \u0130malat\u0131 | Kamak Rekor","og_description":"Kamak Rekor San. A.\u015e. 2005 y\u0131l\u0131ndan bu yana 1000\u2019in \u00fczerindeki \u00fcr\u00fcn \u00e7e\u015fitlili\u011fi ile hidrolik ba\u011flant\u0131 elemanlar\u0131 imalat\u0131 sekt\u00f6r\u00fcnde T\u00fcrkiye pazar\u0131nda \u00f6nemli bir \u00fcretici haline gelmi\u015ftir.","og_url":"https:\/\/kamakrekor.com\/rekor\/","og_site_name":"Kamak Rekor","article_modified_time":"2021-10-04T11:11:21+00:00","twitter_card":"summary_large_image","twitter_misc":{"Tahmini okuma s\u00fcresi":"7 dakika"},"schema":{"@context":"https:\/\/schema.org","@graph":[{"@type":"WebSite","@id":"https:\/\/kamakrekor.com\/rekor\/#website","url":"https:\/\/kamakrekor.com\/rekor\/","name":"Kamak Rekor","description":"","potentialAction":[{"@type":"SearchAction","target":{"@type":"EntryPoint","urlTemplate":"https:\/\/kamakrekor.com\/rekor\/?s={search_term_string}"},"query-input":"required name=search_term_string"}],"inLanguage":"tr"},{"@type":"WebPage","@id":"https:\/\/kamakrekor.com\/rekor\/#webpage","url":"https:\/\/kamakrekor.com\/rekor\/","name":"Rayl\u0131 Sistem Ara\u00e7lar\u0131 ve Alt Par\u00e7alar\u0131 Kaynakl\u0131 \u0130malat\u0131 | Kamak Rekor","isPartOf":{"@id":"https:\/\/kamakrekor.com\/rekor\/#website"},"datePublished":"2018-11-23T08:24:33+00:00","dateModified":"2021-10-04T11:11:21+00:00","description":"Kamak Rekor San. A.\u015e. 2005 y\u0131l\u0131ndan bu yana 1000\u2019in \u00fczerindeki \u00fcr\u00fcn \u00e7e\u015fitlili\u011fi ile hidrolik ba\u011flant\u0131 elemanlar\u0131 imalat\u0131 sekt\u00f6r\u00fcnde T\u00fcrkiye pazar\u0131nda \u00f6nemli bir \u00fcretici haline gelmi\u015ftir.","breadcrumb":{"@id":"https:\/\/kamakrekor.com\/rekor\/#breadcrumb"},"inLanguage":"tr","potentialAction":[{"@type":"ReadAction","target":["https:\/\/kamakrekor.com\/rekor\/"]}]},{"@type":"BreadcrumbList","@id":"https:\/\/kamakrekor.com\/rekor\/#breadcrumb","itemListElement":[{"@type":"ListItem","position":1,"name":"Anasayfa","item":"https:\/\/kamakrekor.com\/rekor\/"},{"@type":"ListItem","position":2,"name":"Anasayfa"}]}]}},"_links":{"self":[{"href":"https:\/\/kamakrekor.com\/rekor\/wp-json\/wp\/v2\/pages\/620"}],"collection":[{"href":"https:\/\/kamakrekor.com\/rekor\/wp-json\/wp\/v2\/pages"}],"about":[{"href":"https:\/\/kamakrekor.com\/rekor\/wp-json\/wp\/v2\/types\/page"}],"author":[{"embeddable":true,"href":"https:\/\/kamakrekor.com\/rekor\/wp-json\/wp\/v2\/users\/1"}],"replies":[{"embeddable":true,"href":"https:\/\/kamakrekor.com\/rekor\/wp-json\/wp\/v2\/comments?post=620"}],"version-history":[{"count":25,"href":"https:\/\/kamakrekor.com\/rekor\/wp-json\/wp\/v2\/pages\/620\/revisions"}],"predecessor-version":[{"id":1365,"href":"https:\/\/kamakrekor.com\/rekor\/wp-json\/wp\/v2\/pages\/620\/revisions\/1365"}],"wp:attachment":[{"href":"https:\/\/kamakrekor.com\/rekor\/wp-json\/wp\/v2\/media?parent=620"}],"curies":[{"name":"wp","href":"https:\/\/api.w.org\/{rel}","templated":true}]}}